{"id":2849,"date":"2025-06-24T17:59:17","date_gmt":"2025-06-24T20:59:17","guid":{"rendered":"https:\/\/grs.com.uy\/?page_id=2849"},"modified":"2025-08-08T13:24:34","modified_gmt":"2025-08-08T16:24:34","slug":"alianza-grs-conatel","status":"publish","type":"page","link":"https:\/\/grs.com.uy\/?page_id=2849","title":{"rendered":"Alianza GRS &#8211; Conatel"},"content":{"rendered":"\t\t<div data-elementor-type=\"wp-page\" data-elementor-id=\"2849\" class=\"elementor elementor-2849\">\n\t\t\t\t\t\t<section class=\"elementor-section elementor-top-section elementor-element elementor-element-9bee43f elementor-section-stretched elementor-section-boxed elementor-section-height-default elementor-section-height-default\" data-id=\"9bee43f\" data-element_type=\"section\" data-settings=\"{&quot;background_background&quot;:&quot;slideshow&quot;,&quot;background_slideshow_gallery&quot;:[{&quot;id&quot;:2851,&quot;url&quot;:&quot;https:\\\/\\\/grs.com.uy\\\/wp-content\\\/uploads\\\/2025\\\/06\\\/KukaGimatic.jpg&quot;},{&quot;id&quot;:2852,&quot;url&quot;:&quot;https:\\\/\\\/grs.com.uy\\\/wp-content\\\/uploads\\\/2025\\\/06\\\/Capacitacion_Conatel_GRS.jpg&quot;}],&quot;background_slideshow_ken_burns&quot;:&quot;yes&quot;,&quot;stretch_section&quot;:&quot;section-stretched&quot;,&quot;background_slideshow_loop&quot;:&quot;yes&quot;,&quot;background_slideshow_slide_duration&quot;:5000,&quot;background_slideshow_slide_transition&quot;:&quot;fade&quot;,&quot;background_slideshow_transition_duration&quot;:500,&quot;background_slideshow_ken_burns_zoom_direction&quot;:&quot;in&quot;}\">\n\t\t\t\t\t\t\t<div class=\"elementor-background-overlay\"><\/div>\n\t\t\t\t\t\t\t<div class=\"elementor-container elementor-column-gap-default\">\n\t\t\t\t\t<div class=\"elementor-column elementor-col-100 elementor-top-column elementor-element elementor-element-7c979b4\" data-id=\"7c979b4\" data-element_type=\"column\">\n\t\t\t<div class=\"elementor-widget-wrap elementor-element-populated\">\n\t\t\t\t\t\t<div class=\"elementor-element elementor-element-7e51773 elementor-widget__width-inherit animated-slow elementor-invisible elementor-widget elementor-widget-gva-heading-block\" data-id=\"7e51773\" data-element_type=\"widget\" data-settings=\"{&quot;_animation&quot;:&quot;fadeInLeft&quot;,&quot;_animation_delay&quot;:1000}\" data-widget_type=\"gva-heading-block.default\">\n\t\t\t\t<div class=\"elementor-widget-container\">\n\t\t\t<div class=\"gva-element-gva-heading-block gva-element\">   <div class=\"align-left style-4 widget gsc-heading box-align-left auto-responsive\">\r\n      <div class=\"content-inner\">\r\n         \r\n                  \r\n           \r\n         \r\n                     <h2 class=\"title\">\r\n               <span>Alianza estrat\u00e9gica<\/span>\r\n            <\/h2>\r\n                  \r\n                     <div class=\"title-desc\">Grigio Rosso - Conatel<\/div>\r\n         \r\n         \r\n      <\/div>\r\n   <\/div>\r\n<\/div>\t\t<\/div>\n\t\t\t\t<\/div>\n\t\t\t\t\t<\/div>\n\t\t<\/div>\n\t\t\t\t\t<\/div>\n\t\t<\/section>\n\t\t\t\t<section class=\"elementor-section elementor-top-section elementor-element elementor-element-4703abd elementor-section-content-top elementor-section-boxed elementor-section-height-default elementor-section-height-default\" data-id=\"4703abd\" data-element_type=\"section\" data-settings=\"{&quot;background_background&quot;:&quot;classic&quot;}\">\n\t\t\t\t\t\t<div class=\"elementor-container elementor-column-gap-wider\">\n\t\t\t\t\t<div class=\"elementor-column elementor-col-50 elementor-top-column elementor-element elementor-element-029430f\" data-id=\"029430f\" data-element_type=\"column\">\n\t\t\t<div class=\"elementor-widget-wrap elementor-element-populated\">\n\t\t\t\t\t\t<div class=\"elementor-element elementor-element-163c1f2 elementor-widget elementor-widget-image\" data-id=\"163c1f2\" data-element_type=\"widget\" data-widget_type=\"image.default\">\n\t\t\t\t<div class=\"elementor-widget-container\">\n\t\t\t<style>\/*! elementor - v3.23.0 - 05-08-2024 *\/\n.elementor-widget-image{text-align:center}.elementor-widget-image a{display:inline-block}.elementor-widget-image a img[src$=\".svg\"]{width:48px}.elementor-widget-image img{vertical-align:middle;display:inline-block}<\/style>\t\t\t\t\t\t\t\t\t\t<img fetchpriority=\"high\" decoding=\"async\" width=\"1040\" height=\"161\" src=\"https:\/\/grs.com.uy\/wp-content\/uploads\/2025\/08\/Gimatic-GRS-logo-nuevo-Conatel.jpg\" class=\"attachment-full size-full wp-image-2911\" alt=\"\" srcset=\"https:\/\/grs.com.uy\/wp-content\/uploads\/2025\/08\/Gimatic-GRS-logo-nuevo-Conatel.jpg 1040w, https:\/\/grs.com.uy\/wp-content\/uploads\/2025\/08\/Gimatic-GRS-logo-nuevo-Conatel-1024x159.jpg 1024w, https:\/\/grs.com.uy\/wp-content\/uploads\/2025\/08\/Gimatic-GRS-logo-nuevo-Conatel-768x119.jpg 768w\" sizes=\"(max-width: 1040px) 100vw, 1040px\" \/>\t\t\t\t\t\t\t\t\t\t\t\t\t<\/div>\n\t\t\t\t<\/div>\n\t\t\t\t<div class=\"elementor-element elementor-element-2080590 elementor-widget elementor-widget-image\" data-id=\"2080590\" data-element_type=\"widget\" data-widget_type=\"image.default\">\n\t\t\t\t<div class=\"elementor-widget-container\">\n\t\t\t\t\t\t\t\t\t\t\t\t\t<img decoding=\"async\" width=\"1500\" height=\"843\" src=\"https:\/\/grs.com.uy\/wp-content\/uploads\/2025\/06\/KukaGimatic.jpg\" class=\"attachment-full size-full wp-image-2851\" alt=\"\" srcset=\"https:\/\/grs.com.uy\/wp-content\/uploads\/2025\/06\/KukaGimatic.jpg 1500w, https:\/\/grs.com.uy\/wp-content\/uploads\/2025\/06\/KukaGimatic-1024x575.jpg 1024w, https:\/\/grs.com.uy\/wp-content\/uploads\/2025\/06\/KukaGimatic-768x432.jpg 768w\" sizes=\"(max-width: 1500px) 100vw, 1500px\" \/>\t\t\t\t\t\t\t\t\t\t\t\t\t<\/div>\n\t\t\t\t<\/div>\n\t\t\t\t\t<\/div>\n\t\t<\/div>\n\t\t\t\t<div class=\"elementor-column elementor-col-50 elementor-top-column elementor-element elementor-element-a71a61f\" data-id=\"a71a61f\" data-element_type=\"column\">\n\t\t\t<div class=\"elementor-widget-wrap elementor-element-populated\">\n\t\t\t\t\t\t<div class=\"elementor-element elementor-element-dadfced elementor-widget__width-initial elementor-widget elementor-widget-text-editor\" data-id=\"dadfced\" data-element_type=\"widget\" data-widget_type=\"text-editor.default\">\n\t\t\t\t<div class=\"elementor-widget-container\">\n\t\t\t<style>\/*! elementor - v3.23.0 - 05-08-2024 *\/\n.elementor-widget-text-editor.elementor-drop-cap-view-stacked .elementor-drop-cap{background-color:#69727d;color:#fff}.elementor-widget-text-editor.elementor-drop-cap-view-framed .elementor-drop-cap{color:#69727d;border:3px solid;background-color:transparent}.elementor-widget-text-editor:not(.elementor-drop-cap-view-default) .elementor-drop-cap{margin-top:8px}.elementor-widget-text-editor:not(.elementor-drop-cap-view-default) .elementor-drop-cap-letter{width:1em;height:1em}.elementor-widget-text-editor .elementor-drop-cap{float:left;text-align:center;line-height:1;font-size:50px}.elementor-widget-text-editor .elementor-drop-cap-letter{display:inline-block}<\/style>\t\t\t\t<h6 data-sourcepos=\"5:3-5:425\">Conatel y GrigioRosso sellan una alianza estrat\u00e9gica para la promoci\u00f3n de los productos GIMATIC en Uruguay<\/h6><h6>La amplia oferta de soluciones para la manipulaci\u00f3n industrial desarrollados por la empresa italiana estar\u00e1 disponible en el mercado local<\/h6><h6 data-sourcepos=\"5:3-5:425\">GIMATIC es una empresa italiana en permanente innovaci\u00f3n, con m\u00e1s de 30 a\u00f1os de experiencia en la automatizaci\u00f3n industrial, con soluciones de agarre para Robots y Mecatr\u00f3nica.<\/h6><h6 data-sourcepos=\"5:3-5:425\">Cuenta con una amplia gama de productos construidos con componentes de alt\u00edsimo nivel y para diferentes<br \/>sectores industriales.<\/h6>\t\t\t\t\t\t<\/div>\n\t\t\t\t<\/div>\n\t\t\t\t\t<\/div>\n\t\t<\/div>\n\t\t\t\t\t<\/div>\n\t\t<\/section>\n\t\t<div class=\"elementor-element elementor-element-f9c0b81 e-flex e-con-boxed e-con e-parent\" data-id=\"f9c0b81\" data-element_type=\"container\">\n\t\t\t\t\t<div class=\"e-con-inner\">\n\t\t\t\t<div class=\"elementor-element elementor-element-a6a935b elementor-widget elementor-widget-image\" data-id=\"a6a935b\" data-element_type=\"widget\" data-widget_type=\"image.default\">\n\t\t\t\t<div class=\"elementor-widget-container\">\n\t\t\t\t\t\t\t\t\t\t<figure class=\"wp-caption\">\n\t\t\t\t\t\t\t\t\t\t<img decoding=\"async\" width=\"900\" height=\"171\" src=\"https:\/\/grs.com.uy\/wp-content\/uploads\/2025\/06\/unnamed-1024x195.jpg\" class=\"attachment-large size-large wp-image-2853\" alt=\"\" srcset=\"https:\/\/grs.com.uy\/wp-content\/uploads\/2025\/06\/unnamed-1024x195.jpg 1024w, https:\/\/grs.com.uy\/wp-content\/uploads\/2025\/06\/unnamed-768x146.jpg 768w, https:\/\/grs.com.uy\/wp-content\/uploads\/2025\/06\/unnamed.jpg 1847w\" sizes=\"(max-width: 900px) 100vw, 900px\" \/>\t\t\t\t\t\t\t\t\t\t\t<figcaption class=\"widget-image-caption wp-caption-text\">Presentamos  junto a Conatel en esta feria un de robot antropomorfo de la marca Kuka el cual contaba con un gripper instalado para la demostraci\u00f3n dise\u00f1ado y fabricado por GRS con una linea de pinzas Gimatic.<\/figcaption>\n\t\t\t\t\t\t\t\t\t\t<\/figure>\n\t\t\t\t\t\t\t<\/div>\n\t\t\t\t<\/div>\n\t\t\t\t\t<\/div>\n\t\t\t\t<\/div>\n\t\t\t\t<\/div>\n\t\t","protected":false},"excerpt":{"rendered":"<p>Alianza estrat\u00e9gica Grigio Rosso &#8211; Conatel Conatel y GrigioRosso sellan una alianza estrat\u00e9gica para la promoci\u00f3n de los productos GIMATIC en Uruguay La amplia oferta de soluciones para la manipulaci\u00f3n industrial desarrollados por la empresa italiana estar\u00e1 disponible en el mercado local GIMATIC es una empresa italiana en permanente innovaci\u00f3n, con m\u00e1s de 30 a\u00f1os [&hellip;]<\/p>\n","protected":false},"author":1,"featured_media":0,"parent":0,"menu_order":0,"comment_status":"closed","ping_status":"closed","template":"","meta":{"footnotes":""},"class_list":["post-2849","page","type-page","status-publish","hentry"],"_links":{"self":[{"href":"https:\/\/grs.com.uy\/index.php?rest_route=\/wp\/v2\/pages\/2849","targetHints":{"allow":["GET"]}}],"collection":[{"href":"https:\/\/grs.com.uy\/index.php?rest_route=\/wp\/v2\/pages"}],"about":[{"href":"https:\/\/grs.com.uy\/index.php?rest_route=\/wp\/v2\/types\/page"}],"author":[{"embeddable":true,"href":"https:\/\/grs.com.uy\/index.php?rest_route=\/wp\/v2\/users\/1"}],"replies":[{"embeddable":true,"href":"https:\/\/grs.com.uy\/index.php?rest_route=%2Fwp%2Fv2%2Fcomments&post=2849"}],"version-history":[{"count":10,"href":"https:\/\/grs.com.uy\/index.php?rest_route=\/wp\/v2\/pages\/2849\/revisions"}],"predecessor-version":[{"id":2918,"href":"https:\/\/grs.com.uy\/index.php?rest_route=\/wp\/v2\/pages\/2849\/revisions\/2918"}],"wp:attachment":[{"href":"https:\/\/grs.com.uy\/index.php?rest_route=%2Fwp%2Fv2%2Fmedia&parent=2849"}],"curies":[{"name":"wp","href":"https:\/\/api.w.org\/{rel}","templated":true}]}}