{"id":2873,"date":"2025-07-03T14:13:56","date_gmt":"2025-07-03T17:13:56","guid":{"rendered":"https:\/\/grs.com.uy\/?page_id=2873"},"modified":"2025-08-08T13:00:36","modified_gmt":"2025-08-08T16:00:36","slug":"induybot","status":"publish","type":"page","link":"https:\/\/grs.com.uy\/?page_id=2873","title":{"rendered":"InduyBot"},"content":{"rendered":"\t\t<div data-elementor-type=\"wp-page\" data-elementor-id=\"2873\" class=\"elementor elementor-2873\">\n\t\t\t\t\t\t<section class=\"elementor-section elementor-top-section elementor-element elementor-element-9bee43f elementor-section-stretched elementor-section-boxed elementor-section-height-default elementor-section-height-default\" data-id=\"9bee43f\" data-element_type=\"section\" data-settings=\"{&quot;background_background&quot;:&quot;slideshow&quot;,&quot;background_slideshow_gallery&quot;:[{&quot;id&quot;:2344,&quot;url&quot;:&quot;https:\\\/\\\/grs.com.uy\\\/wp-content\\\/uploads\\\/2024\\\/09\\\/servicio-dark.png&quot;},{&quot;id&quot;:2343,&quot;url&quot;:&quot;https:\\\/\\\/grs.com.uy\\\/wp-content\\\/uploads\\\/2024\\\/09\\\/desarrollos-dark.png&quot;},{&quot;id&quot;:2342,&quot;url&quot;:&quot;https:\\\/\\\/grs.com.uy\\\/wp-content\\\/uploads\\\/2024\\\/09\\\/300-robots-dark.png&quot;}],&quot;background_slideshow_ken_burns&quot;:&quot;yes&quot;,&quot;stretch_section&quot;:&quot;section-stretched&quot;,&quot;background_slideshow_loop&quot;:&quot;yes&quot;,&quot;background_slideshow_slide_duration&quot;:5000,&quot;background_slideshow_slide_transition&quot;:&quot;fade&quot;,&quot;background_slideshow_transition_duration&quot;:500,&quot;background_slideshow_ken_burns_zoom_direction&quot;:&quot;in&quot;}\">\n\t\t\t\t\t\t\t<div class=\"elementor-background-overlay\"><\/div>\n\t\t\t\t\t\t\t<div class=\"elementor-container elementor-column-gap-default\">\n\t\t\t\t\t<div class=\"elementor-column elementor-col-100 elementor-top-column elementor-element elementor-element-7c979b4\" data-id=\"7c979b4\" data-element_type=\"column\">\n\t\t\t<div class=\"elementor-widget-wrap elementor-element-populated\">\n\t\t\t\t\t\t<div class=\"elementor-element elementor-element-7e51773 elementor-widget__width-inherit animated-slow elementor-invisible elementor-widget elementor-widget-gva-heading-block\" data-id=\"7e51773\" data-element_type=\"widget\" data-settings=\"{&quot;_animation&quot;:&quot;fadeInLeft&quot;,&quot;_animation_delay&quot;:1000}\" data-widget_type=\"gva-heading-block.default\">\n\t\t\t\t<div class=\"elementor-widget-container\">\n\t\t\t<div class=\"gva-element-gva-heading-block gva-element\">   <div class=\"align-left style-4 widget gsc-heading box-align-left auto-responsive\">\r\n      <div class=\"content-inner\">\r\n         \r\n                  \r\n           \r\n         \r\n                     <h2 class=\"title\">\r\n               <span>Presentamos soluciones en<\/span>\r\n            <\/h2>\r\n                  \r\n                     <div class=\"title-desc\">Induy Bot<\/div>\r\n         \r\n         \r\n      <\/div>\r\n   <\/div>\r\n<\/div>\t\t<\/div>\n\t\t\t\t<\/div>\n\t\t\t\t\t<\/div>\n\t\t<\/div>\n\t\t\t\t\t<\/div>\n\t\t<\/section>\n\t\t\t\t<section class=\"elementor-section elementor-top-section elementor-element elementor-element-4703abd elementor-section-content-top elementor-section-boxed elementor-section-height-default elementor-section-height-default\" data-id=\"4703abd\" data-element_type=\"section\" data-settings=\"{&quot;background_background&quot;:&quot;classic&quot;}\">\n\t\t\t\t\t\t<div class=\"elementor-container elementor-column-gap-wider\">\n\t\t\t\t\t<div class=\"elementor-column elementor-col-50 elementor-top-column elementor-element elementor-element-029430f\" data-id=\"029430f\" data-element_type=\"column\">\n\t\t\t<div class=\"elementor-widget-wrap elementor-element-populated\">\n\t\t\t\t\t\t<div class=\"elementor-element elementor-element-163c1f2 elementor-widget elementor-widget-image\" data-id=\"163c1f2\" data-element_type=\"widget\" data-widget_type=\"image.default\">\n\t\t\t\t<div class=\"elementor-widget-container\">\n\t\t\t<style>\/*! elementor - v3.23.0 - 05-08-2024 *\/\n.elementor-widget-image{text-align:center}.elementor-widget-image a{display:inline-block}.elementor-widget-image a img[src$=\".svg\"]{width:48px}.elementor-widget-image img{vertical-align:middle;display:inline-block}<\/style>\t\t\t\t\t\t\t\t\t\t<img fetchpriority=\"high\" decoding=\"async\" width=\"600\" height=\"540\" src=\"https:\/\/grs.com.uy\/wp-content\/uploads\/2025\/07\/FotoExpositorInduyBot-e1751562190813-600x540.jpg\" class=\"attachment-medium size-medium wp-image-2875\" alt=\"\" \/>\t\t\t\t\t\t\t\t\t\t\t\t\t<\/div>\n\t\t\t\t<\/div>\n\t\t\t\t<div class=\"elementor-element elementor-element-0150877 elementor-widget elementor-widget-image\" data-id=\"0150877\" data-element_type=\"widget\" data-widget_type=\"image.default\">\n\t\t\t\t<div class=\"elementor-widget-container\">\n\t\t\t\t\t\t\t\t\t\t\t\t\t<img decoding=\"async\" width=\"600\" height=\"540\" src=\"https:\/\/grs.com.uy\/wp-content\/uploads\/2025\/07\/BrazoroboticoInduyBot-e1751562664587-600x540.jpg\" class=\"attachment-medium size-medium wp-image-2876\" alt=\"\" \/>\t\t\t\t\t\t\t\t\t\t\t\t\t<\/div>\n\t\t\t\t<\/div>\n\t\t\t\t\t<\/div>\n\t\t<\/div>\n\t\t\t\t<div class=\"elementor-column elementor-col-50 elementor-top-column elementor-element elementor-element-a71a61f\" data-id=\"a71a61f\" data-element_type=\"column\">\n\t\t\t<div class=\"elementor-widget-wrap elementor-element-populated\">\n\t\t\t\t\t\t<div class=\"elementor-element elementor-element-dadfced elementor-widget__width-initial elementor-widget elementor-widget-text-editor\" data-id=\"dadfced\" data-element_type=\"widget\" data-widget_type=\"text-editor.default\">\n\t\t\t\t<div class=\"elementor-widget-container\">\n\t\t\t<style>\/*! elementor - v3.23.0 - 05-08-2024 *\/\n.elementor-widget-text-editor.elementor-drop-cap-view-stacked .elementor-drop-cap{background-color:#69727d;color:#fff}.elementor-widget-text-editor.elementor-drop-cap-view-framed .elementor-drop-cap{color:#69727d;border:3px solid;background-color:transparent}.elementor-widget-text-editor:not(.elementor-drop-cap-view-default) .elementor-drop-cap{margin-top:8px}.elementor-widget-text-editor:not(.elementor-drop-cap-view-default) .elementor-drop-cap-letter{width:1em;height:1em}.elementor-widget-text-editor .elementor-drop-cap{float:left;text-align:center;line-height:1;font-size:50px}.elementor-widget-text-editor .elementor-drop-cap-letter{display:inline-block}<\/style>\t\t\t\t<h6>Entre los d\u00edas 28 y 30 de mayo, se realiz\u00f3 en el predio del LATU la feria InduyBot,Feria de rob\u00f3tica industrial, automatizaci\u00f3n y control que comprende el mercado uruguayo y de varios pa\u00edses de Sudam\u00e9rica.\n<h6>GrigioRosso Service, estuvo presente en el stand 07, presentando los componentes de Gimatic, empresa italiana especializada en la fabricaci\u00f3n de componentes para el armado de grippers. <h6>En esta ocasi\u00f3n, se present\u00f3 la l\u00ednea de vac\u00edo, la cual abarca desde perfiler\u00eda hasta ventosas, pasando por compensadores neum\u00e1ticos, bombas de vac\u00edo, pinzas neum\u00e1ticas etc.\n<h6>Gimatic cuenta con un cat\u00e1logo de casi 5000 productos, teniendo numerosas opciones y posibilidades para el armado de grippers (o manos de toma) para distintos tipos de robots, productos que fueron presentados en nuestra charla al p\u00fablico en general y donde pudieron participar visitantes y los expositores.\n<h6>La charla present\u00f3 en pantalla, una demostraci\u00f3n con videos, donde se explic\u00f3 las caracter\u00edsticas de cada producto, las opciones que brindamos como empresa de servicios y tambi\u00e9n los tiempos de entrega que se manejan desde el pedido del\nmaterial hasta la llegada al cliente.\n<h6>En esta feria, GrigioRosso tambien presento su colaboraci\u00f3n con la importante empresa uruguaya Conatel, nuevo partner para la distribuci\u00f3n de estos componentes, as\u00ed como tambi\u00e9n para el desarrollo de nuevos proyectos en los distintos tipos de industria donde ya est\u00e1n presentes desde hace muchos a\u00f1os.\n<h6>Conatel, en esta feria, present\u00f3 una l\u00ednea de robots antropomorfos de la marca Kuka (con quien ya colabora) y el cual contaba con un gripper instalado para la demostraci\u00f3n durante estos d\u00edas , dise\u00f1ado y fabricado por GRS y con una linea\nde pinzas Gimatic<\/h6>\n<h6>Esta feria InduyBot para GRS fue nuestra segunda en territorio\nuruguayo, con resultados positivos en cuanto a contactos y presentaci\u00f3n de los sectores en los que estamos presentes, entregando informaci\u00f3n de todas las empresas a las que representamos.<\/h6>\t\t\t\t\t\t<\/div>\n\t\t\t\t<\/div>\n\t\t\t\t\t<\/div>\n\t\t<\/div>\n\t\t\t\t\t<\/div>\n\t\t<\/section>\n\t\t<div class=\"elementor-element elementor-element-f9c0b81 e-flex e-con-boxed e-con e-parent\" data-id=\"f9c0b81\" data-element_type=\"container\">\n\t\t\t\t\t<div class=\"e-con-inner\">\n\t\t\t\t<div class=\"elementor-element elementor-element-a6a935b elementor-widget elementor-widget-image\" data-id=\"a6a935b\" data-element_type=\"widget\" data-widget_type=\"image.default\">\n\t\t\t\t<div class=\"elementor-widget-container\">\n\t\t\t\t\t\t\t\t\t\t\t\t\t<img decoding=\"async\" width=\"900\" height=\"171\" src=\"https:\/\/grs.com.uy\/wp-content\/uploads\/2025\/06\/unnamed-1024x195.jpg\" class=\"attachment-large size-large wp-image-2853\" alt=\"\" srcset=\"https:\/\/grs.com.uy\/wp-content\/uploads\/2025\/06\/unnamed-1024x195.jpg 1024w, https:\/\/grs.com.uy\/wp-content\/uploads\/2025\/06\/unnamed-768x146.jpg 768w, https:\/\/grs.com.uy\/wp-content\/uploads\/2025\/06\/unnamed.jpg 1847w\" sizes=\"(max-width: 900px) 100vw, 900px\" \/>\t\t\t\t\t\t\t\t\t\t\t\t\t<\/div>\n\t\t\t\t<\/div>\n\t\t\t\t\t<\/div>\n\t\t\t\t<\/div>\n\t\t\t\t<\/div>\n\t\t","protected":false},"excerpt":{"rendered":"<p>Presentamos soluciones en Induy Bot Entre los d\u00edas 28 y 30 de mayo, se realiz\u00f3 en el predio del LATU la feria InduyBot,Feria de rob\u00f3tica industrial, automatizaci\u00f3n y control que comprende el mercado uruguayo y de varios pa\u00edses de Sudam\u00e9rica. GrigioRosso Service, estuvo presente en el stand 07, presentando los componentes de Gimatic, empresa italiana [&hellip;]<\/p>\n","protected":false},"author":1,"featured_media":0,"parent":0,"menu_order":0,"comment_status":"closed","ping_status":"closed","template":"","meta":{"footnotes":""},"class_list":["post-2873","page","type-page","status-publish","hentry"],"_links":{"self":[{"href":"https:\/\/grs.com.uy\/index.php?rest_route=\/wp\/v2\/pages\/2873","targetHints":{"allow":["GET"]}}],"collection":[{"href":"https:\/\/grs.com.uy\/index.php?rest_route=\/wp\/v2\/pages"}],"about":[{"href":"https:\/\/grs.com.uy\/index.php?rest_route=\/wp\/v2\/types\/page"}],"author":[{"embeddable":true,"href":"https:\/\/grs.com.uy\/index.php?rest_route=\/wp\/v2\/users\/1"}],"replies":[{"embeddable":true,"href":"https:\/\/grs.com.uy\/index.php?rest_route=%2Fwp%2Fv2%2Fcomments&post=2873"}],"version-history":[{"count":7,"href":"https:\/\/grs.com.uy\/index.php?rest_route=\/wp\/v2\/pages\/2873\/revisions"}],"predecessor-version":[{"id":2910,"href":"https:\/\/grs.com.uy\/index.php?rest_route=\/wp\/v2\/pages\/2873\/revisions\/2910"}],"wp:attachment":[{"href":"https:\/\/grs.com.uy\/index.php?rest_route=%2Fwp%2Fv2%2Fmedia&parent=2873"}],"curies":[{"name":"wp","href":"https:\/\/api.w.org\/{rel}","templated":true}]}}