{"id":2891,"date":"2025-08-05T12:45:41","date_gmt":"2025-08-05T15:45:41","guid":{"rendered":"https:\/\/grs.com.uy\/?page_id=2891"},"modified":"2025-08-05T15:41:29","modified_gmt":"2025-08-05T18:41:29","slug":"novedades","status":"publish","type":"page","link":"https:\/\/grs.com.uy\/?page_id=2891","title":{"rendered":"Novedades"},"content":{"rendered":"\t\t<div data-elementor-type=\"wp-page\" data-elementor-id=\"2891\" class=\"elementor elementor-2891\">\n\t\t\t\t\t\t<section class=\"elementor-section elementor-top-section elementor-element elementor-element-9bee43f elementor-section-stretched elementor-section-boxed elementor-section-height-default elementor-section-height-default\" data-id=\"9bee43f\" data-element_type=\"section\" data-settings=\"{&quot;background_background&quot;:&quot;slideshow&quot;,&quot;background_slideshow_gallery&quot;:[{&quot;id&quot;:2897,&quot;url&quot;:&quot;https:\\\/\\\/grs.com.uy\\\/wp-content\\\/uploads\\\/2025\\\/08\\\/banner-novedades-01.jpg&quot;},{&quot;id&quot;:2898,&quot;url&quot;:&quot;https:\\\/\\\/grs.com.uy\\\/wp-content\\\/uploads\\\/2025\\\/08\\\/banner-novedades-02.jpg&quot;},{&quot;id&quot;:2899,&quot;url&quot;:&quot;https:\\\/\\\/grs.com.uy\\\/wp-content\\\/uploads\\\/2025\\\/08\\\/banner-novedades-03.jpg&quot;}],&quot;background_slideshow_ken_burns&quot;:&quot;yes&quot;,&quot;stretch_section&quot;:&quot;section-stretched&quot;,&quot;background_slideshow_loop&quot;:&quot;yes&quot;,&quot;background_slideshow_slide_duration&quot;:5000,&quot;background_slideshow_slide_transition&quot;:&quot;fade&quot;,&quot;background_slideshow_transition_duration&quot;:500,&quot;background_slideshow_ken_burns_zoom_direction&quot;:&quot;in&quot;}\">\n\t\t\t\t\t\t<div class=\"elementor-container elementor-column-gap-default\">\n\t\t\t\t\t<div class=\"elementor-column elementor-col-100 elementor-top-column elementor-element elementor-element-7c979b4\" data-id=\"7c979b4\" data-element_type=\"column\">\n\t\t\t<div class=\"elementor-widget-wrap elementor-element-populated\">\n\t\t\t\t\t\t<div class=\"elementor-element elementor-element-7e51773 elementor-widget__width-inherit animated-slow elementor-invisible elementor-widget elementor-widget-gva-heading-block\" data-id=\"7e51773\" data-element_type=\"widget\" data-settings=\"{&quot;_animation&quot;:&quot;fadeInLeft&quot;,&quot;_animation_delay&quot;:1000}\" data-widget_type=\"gva-heading-block.default\">\n\t\t\t\t<div class=\"elementor-widget-container\">\n\t\t\t<div class=\"gva-element-gva-heading-block gva-element\">   <div class=\"align-left style-1 widget gsc-heading box-align-left auto-responsive\">\r\n      <div class=\"content-inner\">\r\n         \r\n                  \r\n           \r\n         \r\n                  \r\n                     <div class=\"title-desc\">Novedades<\/div>\r\n         \r\n         \r\n      <\/div>\r\n   <\/div>\r\n<\/div>\t\t<\/div>\n\t\t\t\t<\/div>\n\t\t\t\t\t<\/div>\n\t\t<\/div>\n\t\t\t\t\t<\/div>\n\t\t<\/section>\n\t\t<div class=\"elementor-element elementor-element-c0cec92 e-flex e-con-boxed e-con e-parent\" data-id=\"c0cec92\" data-element_type=\"container\">\n\t\t\t\t\t<div class=\"e-con-inner\">\n\t\t\t\t<div class=\"elementor-element elementor-element-65a8985 elementor-position-right elementor-vertical-align-bottom elementor-widget elementor-widget-image-box\" data-id=\"65a8985\" data-element_type=\"widget\" data-widget_type=\"image-box.default\">\n\t\t\t\t<div class=\"elementor-widget-container\">\n\t\t\t<style>\/*! elementor - v3.23.0 - 05-08-2024 *\/\n.elementor-widget-image-box .elementor-image-box-content{width:100%}@media (min-width:768px){.elementor-widget-image-box.elementor-position-left .elementor-image-box-wrapper,.elementor-widget-image-box.elementor-position-right .elementor-image-box-wrapper{display:flex}.elementor-widget-image-box.elementor-position-right .elementor-image-box-wrapper{text-align:end;flex-direction:row-reverse}.elementor-widget-image-box.elementor-position-left .elementor-image-box-wrapper{text-align:start;flex-direction:row}.elementor-widget-image-box.elementor-position-top .elementor-image-box-img{margin:auto}.elementor-widget-image-box.elementor-vertical-align-top .elementor-image-box-wrapper{align-items:flex-start}.elementor-widget-image-box.elementor-vertical-align-middle .elementor-image-box-wrapper{align-items:center}.elementor-widget-image-box.elementor-vertical-align-bottom .elementor-image-box-wrapper{align-items:flex-end}}@media (max-width:767px){.elementor-widget-image-box .elementor-image-box-img{margin-left:auto!important;margin-right:auto!important;margin-bottom:15px}}.elementor-widget-image-box .elementor-image-box-img{display:inline-block}.elementor-widget-image-box .elementor-image-box-title a{color:inherit}.elementor-widget-image-box .elementor-image-box-wrapper{text-align:center}.elementor-widget-image-box .elementor-image-box-description{margin:0}<\/style><div class=\"elementor-image-box-wrapper\"><figure class=\"elementor-image-box-img\"><img decoding=\"async\" src=\"https:\/\/grs.com.uy\/wp-content\/uploads\/2024\/12\/WhatsApp-Image-2024-11-04-at-14.14.39.jpeg\" title=\"WhatsApp Image 2024-11-04 at 14.14.39\" alt=\"WhatsApp Image 2024-11-04 at 14.14.39\" loading=\"lazy\" \/><\/figure><div class=\"elementor-image-box-content\"><h3 class=\"elementor-image-box-title\">Estuvimos en Uruman 2025<\/h3><p class=\"elementor-image-box-description\">GRS, representante exclusivo para Uruguay de Gimatic, particip\u00f3 con \u00e9xito en el 20 congreso URUMAN + 3 congreso INGURU, celebrado del 22 al 24 de octubre en la Torre de las Telecomunicaciones de Antel. <br><\/p><\/div><\/div>\t\t<\/div>\n\t\t\t\t<\/div>\n\t\t\t\t<div class=\"elementor-element elementor-element-1f20f5e elementor-button-info elementor-widget__width-initial elementor-widget elementor-widget-button\" data-id=\"1f20f5e\" data-element_type=\"widget\" data-widget_type=\"button.default\">\n\t\t\t\t<div class=\"elementor-widget-container\">\n\t\t\t\t\t<div class=\"elementor-button-wrapper\">\n\t\t\t<a class=\"elementor-button elementor-button-link elementor-size-sm\" href=\"https:\/\/grs.com.uy\/?page_id=2746\" target=\"_blank\">\n\t\t\t\t\t\t<span class=\"elementor-button-content-wrapper\">\n\t\t\t\t\t\t\t\t\t<span class=\"elementor-button-text\">Ver mas<\/span>\n\t\t\t\t\t<\/span>\n\t\t\t\t\t<\/a>\n\t\t<\/div>\n\t\t\t\t<\/div>\n\t\t\t\t<\/div>\n\t\t\t\t<div class=\"elementor-element elementor-element-ffb05f0 elementor-position-right elementor-vertical-align-bottom elementor-widget elementor-widget-image-box\" data-id=\"ffb05f0\" data-element_type=\"widget\" data-widget_type=\"image-box.default\">\n\t\t\t\t<div class=\"elementor-widget-container\">\n\t\t\t<div class=\"elementor-image-box-wrapper\"><figure class=\"elementor-image-box-img\"><img decoding=\"async\" src=\"https:\/\/grs.com.uy\/wp-content\/uploads\/2024\/09\/a9-1-450x450-2.jpg\" title=\"a9-1-450&#215;450\" alt=\"a9-1-450x450\" loading=\"lazy\" \/><\/figure><div class=\"elementor-image-box-content\"><h3 class=\"elementor-image-box-title\">GIMATIC desembarca en el pa\u00eds<\/h3><p class=\"elementor-image-box-description\">Conatel\u00a0y GrigioRosso sellan una alianza estrat\u00e9gica para la promoci\u00f3n y desarrolo de los productos GIMATIC\nen Uruguay. La amplia oferta de soluciones para la manipulaci\u00f3n industrial desarrollados por la empresa italiana estar\u00e1 disponible en el mercado local<\/p><\/div><\/div>\t\t<\/div>\n\t\t\t\t<\/div>\n\t\t\t\t<div class=\"elementor-element elementor-element-ea71601 elementor-button-info elementor-widget__width-initial elementor-widget elementor-widget-button\" data-id=\"ea71601\" data-element_type=\"widget\" data-widget_type=\"button.default\">\n\t\t\t\t<div class=\"elementor-widget-container\">\n\t\t\t\t\t<div class=\"elementor-button-wrapper\">\n\t\t\t<a class=\"elementor-button elementor-button-link elementor-size-sm\" href=\"https:\/\/grs.com.uy\/?page_id=2849\" target=\"_blank\">\n\t\t\t\t\t\t<span class=\"elementor-button-content-wrapper\">\n\t\t\t\t\t\t\t\t\t<span class=\"elementor-button-text\">Ver mas<\/span>\n\t\t\t\t\t<\/span>\n\t\t\t\t\t<\/a>\n\t\t<\/div>\n\t\t\t\t<\/div>\n\t\t\t\t<\/div>\n\t\t\t\t<div class=\"elementor-element elementor-element-f9d35dd elementor-position-right elementor-vertical-align-bottom elementor-widget elementor-widget-image-box\" data-id=\"f9d35dd\" data-element_type=\"widget\" data-widget_type=\"image-box.default\">\n\t\t\t\t<div class=\"elementor-widget-container\">\n\t\t\t<div class=\"elementor-image-box-wrapper\"><figure class=\"elementor-image-box-img\"><img fetchpriority=\"high\" decoding=\"async\" width=\"462\" height=\"437\" src=\"https:\/\/grs.com.uy\/wp-content\/uploads\/2025\/06\/Juegos.jpg\" class=\"attachment-paroti_medium size-paroti_medium wp-image-2861\" alt=\"\" \/><\/figure><div class=\"elementor-image-box-content\"><h3 class=\"elementor-image-box-title\">Ofrecimos soluciones innovadoras en el Centro de Eventos del LATU junto a Conatel participando en IndUY Bot<\/h3><p class=\"elementor-image-box-description\">En el Sal\u00f3n de la Rob\u00f3tica, Automatismo y Control para los sectores de la Industria y la Intra Log\u00edstica GrigioRosso y Conatel presentaron su cooperaci\u00f3n <\/p><\/div><\/div>\t\t<\/div>\n\t\t\t\t<\/div>\n\t\t\t\t<div class=\"elementor-element elementor-element-c288c5a elementor-button-info elementor-widget__width-initial elementor-widget elementor-widget-button\" data-id=\"c288c5a\" data-element_type=\"widget\" data-widget_type=\"button.default\">\n\t\t\t\t<div class=\"elementor-widget-container\">\n\t\t\t\t\t<div class=\"elementor-button-wrapper\">\n\t\t\t<a class=\"elementor-button elementor-button-link elementor-size-sm\" href=\"https:\/\/grs.com.uy\/?page_id=2873\" target=\"_blank\">\n\t\t\t\t\t\t<span class=\"elementor-button-content-wrapper\">\n\t\t\t\t\t\t\t\t\t<span class=\"elementor-button-text\">Ver mas<\/span>\n\t\t\t\t\t<\/span>\n\t\t\t\t\t<\/a>\n\t\t<\/div>\n\t\t\t\t<\/div>\n\t\t\t\t<\/div>\n\t\t\t\t\t<\/div>\n\t\t\t\t<\/div>\n\t\t\t\t<\/div>\n\t\t","protected":false},"excerpt":{"rendered":"<p>Novedades Estuvimos en Uruman 2025 GRS, representante exclusivo para Uruguay de Gimatic, particip\u00f3 con \u00e9xito en el 20 congreso URUMAN + 3 congreso INGURU, celebrado del 22 al 24 de octubre en la Torre de las Telecomunicaciones de Antel. Ver mas GIMATIC desembarca en el pa\u00eds Conatel\u00a0y GrigioRosso sellan una alianza estrat\u00e9gica para la promoci\u00f3n [&hellip;]<\/p>\n","protected":false},"author":1,"featured_media":0,"parent":0,"menu_order":0,"comment_status":"closed","ping_status":"closed","template":"","meta":{"footnotes":""},"class_list":["post-2891","page","type-page","status-publish","hentry"],"_links":{"self":[{"href":"https:\/\/grs.com.uy\/index.php?rest_route=\/wp\/v2\/pages\/2891","targetHints":{"allow":["GET"]}}],"collection":[{"href":"https:\/\/grs.com.uy\/index.php?rest_route=\/wp\/v2\/pages"}],"about":[{"href":"https:\/\/grs.com.uy\/index.php?rest_route=\/wp\/v2\/types\/page"}],"author":[{"embeddable":true,"href":"https:\/\/grs.com.uy\/index.php?rest_route=\/wp\/v2\/users\/1"}],"replies":[{"embeddable":true,"href":"https:\/\/grs.com.uy\/index.php?rest_route=%2Fwp%2Fv2%2Fcomments&post=2891"}],"version-history":[{"count":4,"href":"https:\/\/grs.com.uy\/index.php?rest_route=\/wp\/v2\/pages\/2891\/revisions"}],"predecessor-version":[{"id":2902,"href":"https:\/\/grs.com.uy\/index.php?rest_route=\/wp\/v2\/pages\/2891\/revisions\/2902"}],"wp:attachment":[{"href":"https:\/\/grs.com.uy\/index.php?rest_route=%2Fwp%2Fv2%2Fmedia&parent=2891"}],"curies":[{"name":"wp","href":"https:\/\/api.w.org\/{rel}","templated":true}]}}